{"id":951,"date":"2021-03-16T23:24:06","date_gmt":"2021-03-16T23:24:06","guid":{"rendered":"https:\/\/lightskyblue-caribou-207283.hostingersite.com\/?page_id=951"},"modified":"2021-03-17T15:58:43","modified_gmt":"2021-03-17T15:58:43","slug":"mantenimiento","status":"publish","type":"page","link":"https:\/\/estructurasrubicon.com\/index.php\/mantenimiento\/","title":{"rendered":"Mantenimiento"},"content":{"rendered":"\t\t<div data-elementor-type=\"wp-page\" data-elementor-id=\"951\" class=\"elementor elementor-951\" data-elementor-post-type=\"page\">\n\t\t\t\t\t\t<section class=\"elementor-section elementor-top-section elementor-element elementor-element-ea52671 elementor-section-boxed elementor-section-height-default elementor-section-height-default\" data-id=\"ea52671\" data-element_type=\"section\" data-e-type=\"section\">\n\t\t\t\t\t\t<div class=\"elementor-container elementor-column-gap-default\">\n\t\t\t\t\t<div class=\"elementor-column elementor-col-100 elementor-top-column elementor-element elementor-element-0934676\" data-id=\"0934676\" data-element_type=\"column\" data-e-type=\"column\">\n\t\t\t<div class=\"elementor-widget-wrap elementor-element-populated\">\n\t\t\t\t\t\t<div class=\"elementor-element elementor-element-34cd0d9 elementor-widget__width-inherit elementor-widget elementor-widget-image\" data-id=\"34cd0d9\" data-element_type=\"widget\" data-e-type=\"widget\" data-widget_type=\"image.default\">\n\t\t\t\t<div class=\"elementor-widget-container\">\n\t\t\t\t\t\t\t\t\t\t\t\t\t\t\t<img decoding=\"async\" src=\"https:\/\/estructurasrubicon.com\/wp-content\/uploads\/2021\/03\/pexels-allan-mas-5383809.jpg\" title=\"pexels-allan-mas-5383809\" alt=\"pexels-allan-mas-5383809\" loading=\"lazy\" \/>\t\t\t\t\t\t\t\t\t\t\t\t\t\t\t<\/div>\n\t\t\t\t<\/div>\n\t\t\t\t\t<\/div>\n\t\t<\/div>\n\t\t\t\t\t<\/div>\n\t\t<\/section>\n\t\t\t\t<section class=\"elementor-section elementor-top-section elementor-element elementor-element-2835a40 elementor-section-boxed elementor-section-height-default elementor-section-height-default\" data-id=\"2835a40\" data-element_type=\"section\" data-e-type=\"section\">\n\t\t\t\t\t\t<div class=\"elementor-container elementor-column-gap-default\">\n\t\t\t\t\t<div class=\"elementor-column elementor-col-100 elementor-top-column elementor-element elementor-element-03f67f9\" data-id=\"03f67f9\" data-element_type=\"column\" data-e-type=\"column\">\n\t\t\t<div class=\"elementor-widget-wrap elementor-element-populated\">\n\t\t\t\t\t\t<div class=\"elementor-element elementor-element-aec6e7c elementor-widget elementor-widget-text-editor\" data-id=\"aec6e7c\" data-element_type=\"widget\" data-e-type=\"widget\" data-widget_type=\"text-editor.default\">\n\t\t\t\t<div class=\"elementor-widget-container\">\n\t\t\t\t\t\t\t\t\t<p>Es muy importante mantener las estructuras en \u00f3ptimas condiciones con mantenimientos preventivos para eliminar \u00f3xido y desgaste debido a la exposici\u00f3n constante al clima, esto preserva la inversi\u00f3n y extiende la vida de la estructura, igualmente previene fallas en la misma que afecten a terceros.<\/p>\t\t\t\t\t\t\t\t<\/div>\n\t\t\t\t<\/div>\n\t\t\t\t\t<\/div>\n\t\t<\/div>\n\t\t\t\t\t<\/div>\n\t\t<\/section>\n\t\t\t\t<section class=\"elementor-section elementor-top-section elementor-element elementor-element-b2e965a elementor-section-boxed elementor-section-height-default elementor-section-height-default\" data-id=\"b2e965a\" data-element_type=\"section\" data-e-type=\"section\">\n\t\t\t\t\t\t<div class=\"elementor-container elementor-column-gap-default\">\n\t\t\t\t\t<div class=\"elementor-column elementor-col-100 elementor-top-column elementor-element elementor-element-74703db\" data-id=\"74703db\" data-element_type=\"column\" data-e-type=\"column\">\n\t\t\t<div class=\"elementor-widget-wrap elementor-element-populated\">\n\t\t\t\t\t\t<section class=\"elementor-section elementor-inner-section elementor-element elementor-element-60e718a elementor-section-boxed elementor-section-height-default elementor-section-height-default\" data-id=\"60e718a\" data-element_type=\"section\" data-e-type=\"section\">\n\t\t\t\t\t\t<div class=\"elementor-container elementor-column-gap-default\">\n\t\t\t\t\t<div class=\"elementor-column elementor-col-50 elementor-inner-column elementor-element elementor-element-65dc6ec\" data-id=\"65dc6ec\" data-element_type=\"column\" data-e-type=\"column\">\n\t\t\t<div class=\"elementor-widget-wrap elementor-element-populated\">\n\t\t\t\t\t\t<div class=\"elementor-element elementor-element-6a922ae elementor-widget elementor-widget-text-editor\" data-id=\"6a922ae\" data-element_type=\"widget\" data-e-type=\"widget\" data-widget_type=\"text-editor.default\">\n\t\t\t\t<div class=\"elementor-widget-container\">\n\t\t\t\t\t\t\t\t\t<ol><li><b>Inspecci\u00f3n general de la estructura<\/b><ul><li>ANCLAJE (PERNOS, TUERCAS)<\/li><li>EVALUACI\u00d3N DE ELEMENTOS MET\u00c1LICOS\u00a0(PLATOS, M\u00c1STIL, PASARELAS, ESCALERAS, ACOPLES)<\/li><li>EVALUACI\u00d3N DE CONDICI\u00d3N DE SUPERFICIES (OXIDO, PINTURA, POROSIDAD, MOHO)<\/li><\/ul><\/li><li><b>Inspecci\u00f3n de sistema el\u00e9ctrico<\/b><ul><li>EVALUACI\u00d3N DEL SISTEMA EN GENERAL (PARTES EL\u00c9CTRICAS, ALAMBRADO, LUMINARIAS)<\/li><\/ul><\/li><li><b>Inspecci\u00f3n de letrero\/caja luz\/pantalla digital<\/b><ul><li>EVALUACI\u00d3N DE CONDICIONES DEL \u00c1REA DE PUBLICIDAD SEG\u00daN TIPO Y MATERIAL DE FABRICACI\u00d3N (MARCOS DE LETRERO, CAJA DE ALUMINIO, LAMINA TRASLUCIDA, ALUCOBOND, M\u00d3DULOS\u00a0DE PANTALLAS)<\/li><\/ul><\/li><li><b>Creaci\u00f3n de propuesta econ\u00f3mica.<\/b><ul><li>BASADO EN LOS RESULTADOS DE LA EVALUACI\u00d3N.<\/li><\/ul><\/li><\/ol>\t\t\t\t\t\t\t\t<\/div>\n\t\t\t\t<\/div>\n\t\t\t\t\t<\/div>\n\t\t<\/div>\n\t\t\t\t<div class=\"elementor-column elementor-col-50 elementor-inner-column elementor-element elementor-element-1bf396f\" data-id=\"1bf396f\" data-element_type=\"column\" data-e-type=\"column\">\n\t\t\t<div class=\"elementor-widget-wrap elementor-element-populated\">\n\t\t\t\t\t\t<div class=\"elementor-element elementor-element-d7f726e elementor-widget elementor-widget-image\" data-id=\"d7f726e\" data-element_type=\"widget\" data-e-type=\"widget\" data-widget_type=\"image.default\">\n\t\t\t\t<div class=\"elementor-widget-container\">\n\t\t\t\t\t\t\t\t\t\t\t\t\t\t\t<img fetchpriority=\"high\" decoding=\"async\" width=\"576\" height=\"1024\" src=\"https:\/\/estructurasrubicon.com\/wp-content\/uploads\/2021\/03\/Estructura-576x1024.jpg\" class=\"attachment-large size-large wp-image-957\" alt=\"\" srcset=\"https:\/\/estructurasrubicon.com\/wp-content\/uploads\/2021\/03\/Estructura-576x1024.jpg 576w, https:\/\/estructurasrubicon.com\/wp-content\/uploads\/2021\/03\/Estructura-169x300.jpg 169w, https:\/\/estructurasrubicon.com\/wp-content\/uploads\/2021\/03\/Estructura-500x889.jpg 500w, https:\/\/estructurasrubicon.com\/wp-content\/uploads\/2021\/03\/Estructura.jpg 720w\" sizes=\"(max-width: 576px) 100vw, 576px\" \/>\t\t\t\t\t\t\t\t\t\t\t\t\t\t\t<\/div>\n\t\t\t\t<\/div>\n\t\t\t\t\t<\/div>\n\t\t<\/div>\n\t\t\t\t\t<\/div>\n\t\t<\/section>\n\t\t\t\t<section class=\"elementor-section elementor-inner-section elementor-element elementor-element-fb60807 elementor-section-boxed elementor-section-height-default elementor-section-height-default\" data-id=\"fb60807\" data-element_type=\"section\" data-e-type=\"section\">\n\t\t\t\t\t\t<div class=\"elementor-container elementor-column-gap-default\">\n\t\t\t\t\t<div class=\"elementor-column elementor-col-50 elementor-inner-column elementor-element elementor-element-ceb5bde\" data-id=\"ceb5bde\" data-element_type=\"column\" data-e-type=\"column\">\n\t\t\t<div class=\"elementor-widget-wrap elementor-element-populated\">\n\t\t\t\t\t\t<div class=\"elementor-element elementor-element-a947541 elementor-widget elementor-widget-image\" data-id=\"a947541\" data-element_type=\"widget\" data-e-type=\"widget\" data-widget_type=\"image.default\">\n\t\t\t\t<div class=\"elementor-widget-container\">\n\t\t\t\t\t\t\t\t\t\t\t\t\t\t\t<img decoding=\"async\" width=\"768\" height=\"1024\" src=\"https:\/\/estructurasrubicon.com\/wp-content\/uploads\/2021\/03\/Poste-768x1024.jpg\" class=\"attachment-large size-large wp-image-958\" alt=\"\" srcset=\"https:\/\/estructurasrubicon.com\/wp-content\/uploads\/2021\/03\/Poste-768x1024.jpg 768w, https:\/\/estructurasrubicon.com\/wp-content\/uploads\/2021\/03\/Poste-225x300.jpg 225w, https:\/\/estructurasrubicon.com\/wp-content\/uploads\/2021\/03\/Poste-500x667.jpg 500w, https:\/\/estructurasrubicon.com\/wp-content\/uploads\/2021\/03\/Poste.jpg 780w\" sizes=\"(max-width: 768px) 100vw, 768px\" \/>\t\t\t\t\t\t\t\t\t\t\t\t\t\t\t<\/div>\n\t\t\t\t<\/div>\n\t\t\t\t\t<\/div>\n\t\t<\/div>\n\t\t\t\t<div class=\"elementor-column elementor-col-50 elementor-inner-column elementor-element elementor-element-96d51ed\" data-id=\"96d51ed\" data-element_type=\"column\" data-e-type=\"column\">\n\t\t\t<div class=\"elementor-widget-wrap elementor-element-populated\">\n\t\t\t\t\t\t<div class=\"elementor-element elementor-element-3b0d683 elementor-widget elementor-widget-image\" data-id=\"3b0d683\" data-element_type=\"widget\" data-e-type=\"widget\" data-widget_type=\"image.default\">\n\t\t\t\t<div class=\"elementor-widget-container\">\n\t\t\t\t\t\t\t\t\t\t\t\t\t\t\t<img decoding=\"async\" width=\"768\" height=\"1024\" src=\"https:\/\/estructurasrubicon.com\/wp-content\/uploads\/2021\/03\/Escalera-768x1024.jpg\" class=\"attachment-large size-large wp-image-956\" alt=\"\" srcset=\"https:\/\/estructurasrubicon.com\/wp-content\/uploads\/2021\/03\/Escalera-768x1024.jpg 768w, https:\/\/estructurasrubicon.com\/wp-content\/uploads\/2021\/03\/Escalera-225x300.jpg 225w, https:\/\/estructurasrubicon.com\/wp-content\/uploads\/2021\/03\/Escalera-500x667.jpg 500w, https:\/\/estructurasrubicon.com\/wp-content\/uploads\/2021\/03\/Escalera.jpg 780w\" sizes=\"(max-width: 768px) 100vw, 768px\" \/>\t\t\t\t\t\t\t\t\t\t\t\t\t\t\t<\/div>\n\t\t\t\t<\/div>\n\t\t\t\t\t<\/div>\n\t\t<\/div>\n\t\t\t\t\t<\/div>\n\t\t<\/section>\n\t\t\t\t\t<\/div>\n\t\t<\/div>\n\t\t\t\t\t<\/div>\n\t\t<\/section>\n\t\t\t\t<\/div>\n\t\t","protected":false},"excerpt":{"rendered":"<p>Es muy importante mantener las estructuras en \u00f3ptimas condiciones con mantenimientos preventivos para eliminar \u00f3xido y desgaste debido a la exposici\u00f3n constante al clima, esto preserva la inversi\u00f3n y extiende la vida de la estructura, igualmente previene fallas en la misma que afecten a terceros. Inspecci\u00f3n general de la estructura ANCLAJE (PERNOS, TUERCAS) EVALUACI\u00d3N DE&hellip;&nbsp;<a href=\"https:\/\/estructurasrubicon.com\/index.php\/mantenimiento\/\" rel=\"bookmark\">Leer m\u00e1s &raquo;<span class=\"screen-reader-text\">Mantenimiento<\/span><\/a><\/p>\n","protected":false},"author":2,"featured_media":0,"parent":0,"menu_order":0,"comment_status":"closed","ping_status":"closed","template":"","meta":{"_monsterinsights_skip_tracking":false,"_monsterinsights_sitenote_active":false,"_monsterinsights_sitenote_note":"","_monsterinsights_sitenote_category":0,"neve_meta_sidebar":"","neve_meta_container":"","neve_meta_enable_content_width":"","neve_meta_content_width":70,"neve_meta_title_alignment":"","neve_meta_author_avatar":"","neve_post_elements_order":"","neve_meta_disable_header":"","neve_meta_disable_footer":"","neve_meta_disable_title":"","_vp_format_video_url":"","_vp_image_focal_point":[],"footnotes":""},"class_list":["post-951","page","type-page","status-publish","hentry"],"_hostinger_reach_plugin_has_subscription_block":false,"_hostinger_reach_plugin_is_elementor":false,"_links":{"self":[{"href":"https:\/\/estructurasrubicon.com\/index.php\/wp-json\/wp\/v2\/pages\/951","targetHints":{"allow":["GET"]}}],"collection":[{"href":"https:\/\/estructurasrubicon.com\/index.php\/wp-json\/wp\/v2\/pages"}],"about":[{"href":"https:\/\/estructurasrubicon.com\/index.php\/wp-json\/wp\/v2\/types\/page"}],"author":[{"embeddable":true,"href":"https:\/\/estructurasrubicon.com\/index.php\/wp-json\/wp\/v2\/users\/2"}],"replies":[{"embeddable":true,"href":"https:\/\/estructurasrubicon.com\/index.php\/wp-json\/wp\/v2\/comments?post=951"}],"version-history":[{"count":0,"href":"https:\/\/estructurasrubicon.com\/index.php\/wp-json\/wp\/v2\/pages\/951\/revisions"}],"wp:attachment":[{"href":"https:\/\/estructurasrubicon.com\/index.php\/wp-json\/wp\/v2\/media?parent=951"}],"curies":[{"name":"wp","href":"https:\/\/api.w.org\/{rel}","templated":true}]}}