{"id":839,"date":"2020-03-20T02:25:03","date_gmt":"2020-03-20T02:25:03","guid":{"rendered":"https:\/\/lightskyblue-caribou-207283.hostingersite.com\/?page_id=839"},"modified":"2021-03-17T01:12:51","modified_gmt":"2021-03-17T01:12:51","slug":"servicios","status":"publish","type":"page","link":"https:\/\/estructurasrubicon.com\/index.php\/servicios\/","title":{"rendered":"Servicios"},"content":{"rendered":"\t\t<div data-elementor-type=\"wp-page\" data-elementor-id=\"839\" class=\"elementor elementor-839\" data-elementor-post-type=\"page\">\n\t\t\t\t\t\t<section class=\"elementor-section elementor-top-section elementor-element elementor-element-ea52671 elementor-section-boxed elementor-section-height-default elementor-section-height-default\" data-id=\"ea52671\" data-element_type=\"section\" data-e-type=\"section\">\n\t\t\t\t\t\t<div class=\"elementor-container elementor-column-gap-default\">\n\t\t\t\t\t<div class=\"elementor-column elementor-col-100 elementor-top-column elementor-element elementor-element-0934676\" data-id=\"0934676\" data-element_type=\"column\" data-e-type=\"column\">\n\t\t\t<div class=\"elementor-widget-wrap elementor-element-populated\">\n\t\t\t\t\t\t<div class=\"elementor-element elementor-element-34cd0d9 elementor-widget__width-inherit elementor-widget elementor-widget-image\" data-id=\"34cd0d9\" data-element_type=\"widget\" data-e-type=\"widget\" data-widget_type=\"image.default\">\n\t\t\t\t<div class=\"elementor-widget-container\">\n\t\t\t\t\t\t\t\t\t\t\t\t\t\t\t<img decoding=\"async\" src=\"https:\/\/estructurasrubicon.com\/wp-content\/uploads\/2019\/09\/jan-kopriva-IiCaIHYdDNs-unsplash.jpg\" title=\"jan-kopriva-IiCaIHYdDNs-unsplash\" alt=\"jan-kopriva-IiCaIHYdDNs-unsplash\" loading=\"lazy\" \/>\t\t\t\t\t\t\t\t\t\t\t\t\t\t\t<\/div>\n\t\t\t\t<\/div>\n\t\t\t\t\t<\/div>\n\t\t<\/div>\n\t\t\t\t\t<\/div>\n\t\t<\/section>\n\t\t\t\t<section class=\"elementor-section elementor-top-section elementor-element elementor-element-2835a40 elementor-section-boxed elementor-section-height-default elementor-section-height-default\" data-id=\"2835a40\" data-element_type=\"section\" data-e-type=\"section\">\n\t\t\t\t\t\t<div class=\"elementor-container elementor-column-gap-default\">\n\t\t\t\t\t<div class=\"elementor-column elementor-col-100 elementor-top-column elementor-element elementor-element-03f67f9\" data-id=\"03f67f9\" data-element_type=\"column\" data-e-type=\"column\">\n\t\t\t<div class=\"elementor-widget-wrap elementor-element-populated\">\n\t\t\t\t\t\t<div class=\"elementor-element elementor-element-aec6e7c elementor-widget elementor-widget-text-editor\" data-id=\"aec6e7c\" data-element_type=\"widget\" data-e-type=\"widget\" data-widget_type=\"text-editor.default\">\n\t\t\t\t<div class=\"elementor-widget-container\">\n\t\t\t\t\t\t\t\t\t<p>La Comunicaci\u00f3n se sirve del dise\u00f1o como herramienta fundamental. Hoy d\u00eda, la oferta\u00a0comunicativa es tan amplia que la recepci\u00f3n del mensaje puede quedar dificultado, por\u00a0ello en Estructuras Rubicon, nos preocupamos por dar a nuestros Clientes una buena e\u00a0impactante imagen a trav\u00e9s de nuestras Vallas y de este modo hacer que la informaci\u00f3n\u00a0que ellos desean difundir sea atractiva y sugerente para el receptor. En Rubicon sabemos\u00a0que el cliente es \u00fanico, por ello otorgamos a cada una de nuestras vallas una se\u00f1a de\u00a0identidad propia, original, exclusiva y personalizada.<\/p>\t\t\t\t\t\t\t\t<\/div>\n\t\t\t\t<\/div>\n\t\t\t\t<div class=\"elementor-element elementor-element-e333ca0 elementor-widget elementor-widget-text-editor\" data-id=\"e333ca0\" data-element_type=\"widget\" data-e-type=\"widget\" data-widget_type=\"text-editor.default\">\n\t\t\t\t<div class=\"elementor-widget-container\">\n\t\t\t\t\t\t\t\t\t<p>Nuestra empresa al tener \u00e9xito que tiene en Panam\u00e1, decide incursionar en el Mercado\u00a0Centroamericano logrando sus objetivos al trabajar con la m\u00e1s prestigiosas compa\u00f1\u00edas\u00a0dedicadas a la publicidad exterior en pa\u00edses tales como: Costa Rica, Nicaragua, EL\u00a0Salvador y Guatemala.\u00a0Cabe se\u00f1alar que nuestra empresa cumple con todos los requisitos a nivel de\u00a0Construcci\u00f3n y permisos Municipales, mostrando calidad, eficiencia y rapidez en cada uno\u00a0de sus Proyectos siendo esto su mayor virtud.<\/p>\t\t\t\t\t\t\t\t<\/div>\n\t\t\t\t<\/div>\n\t\t\t\t\t<\/div>\n\t\t<\/div>\n\t\t\t\t\t<\/div>\n\t\t<\/section>\n\t\t\t\t<section class=\"elementor-section elementor-top-section elementor-element elementor-element-322e991 elementor-section-boxed elementor-section-height-default elementor-section-height-default\" data-id=\"322e991\" data-element_type=\"section\" data-e-type=\"section\">\n\t\t\t\t\t\t<div class=\"elementor-container elementor-column-gap-default\">\n\t\t\t\t\t<div class=\"elementor-column elementor-col-33 elementor-top-column elementor-element elementor-element-84a7acf\" data-id=\"84a7acf\" data-element_type=\"column\" data-e-type=\"column\">\n\t\t\t<div class=\"elementor-widget-wrap elementor-element-populated\">\n\t\t\t\t\t\t<div class=\"elementor-element elementor-element-78df129 elementor-widget elementor-widget-heading\" data-id=\"78df129\" data-element_type=\"widget\" data-e-type=\"widget\" data-widget_type=\"heading.default\">\n\t\t\t\t<div class=\"elementor-widget-container\">\n\t\t\t\t\t<h2 class=\"elementor-heading-title elementor-size-default\">Costa Rica<\/h2>\t\t\t\t<\/div>\n\t\t\t\t<\/div>\n\t\t\t\t<div class=\"elementor-element elementor-element-dd492d6 elementor-widget elementor-widget-image\" data-id=\"dd492d6\" data-element_type=\"widget\" data-e-type=\"widget\" data-widget_type=\"image.default\">\n\t\t\t\t<div class=\"elementor-widget-container\">\n\t\t\t\t\t\t\t\t\t\t\t\t\t\t\t<img fetchpriority=\"high\" decoding=\"async\" width=\"577\" height=\"509\" src=\"https:\/\/estructurasrubicon.com\/wp-content\/uploads\/2020\/03\/Captura-de-Pantalla-2020-03-19-a-las-7.59.57-p.-m..png\" class=\"attachment-large size-large wp-image-844\" alt=\"\" srcset=\"https:\/\/estructurasrubicon.com\/wp-content\/uploads\/2020\/03\/Captura-de-Pantalla-2020-03-19-a-las-7.59.57-p.-m..png 577w, https:\/\/estructurasrubicon.com\/wp-content\/uploads\/2020\/03\/Captura-de-Pantalla-2020-03-19-a-las-7.59.57-p.-m.-300x265.png 300w\" sizes=\"(max-width: 577px) 100vw, 577px\" \/>\t\t\t\t\t\t\t\t\t\t\t\t\t\t\t<\/div>\n\t\t\t\t<\/div>\n\t\t\t\t<div class=\"elementor-element elementor-element-1958588 elementor-widget elementor-widget-image\" data-id=\"1958588\" data-element_type=\"widget\" data-e-type=\"widget\" data-widget_type=\"image.default\">\n\t\t\t\t<div class=\"elementor-widget-container\">\n\t\t\t\t\t\t\t\t\t\t\t\t\t\t\t<img decoding=\"async\" width=\"576\" height=\"510\" src=\"https:\/\/estructurasrubicon.com\/wp-content\/uploads\/2020\/03\/Captura-de-Pantalla-2020-03-19-a-las-8.00.22-p.-m..png\" class=\"attachment-large size-large wp-image-841\" alt=\"\" srcset=\"https:\/\/estructurasrubicon.com\/wp-content\/uploads\/2020\/03\/Captura-de-Pantalla-2020-03-19-a-las-8.00.22-p.-m..png 576w, https:\/\/estructurasrubicon.com\/wp-content\/uploads\/2020\/03\/Captura-de-Pantalla-2020-03-19-a-las-8.00.22-p.-m.-300x266.png 300w\" sizes=\"(max-width: 576px) 100vw, 576px\" \/>\t\t\t\t\t\t\t\t\t\t\t\t\t\t\t<\/div>\n\t\t\t\t<\/div>\n\t\t\t\t\t<\/div>\n\t\t<\/div>\n\t\t\t\t<div class=\"elementor-column elementor-col-33 elementor-top-column elementor-element elementor-element-5b66eff\" data-id=\"5b66eff\" data-element_type=\"column\" data-e-type=\"column\">\n\t\t\t<div class=\"elementor-widget-wrap elementor-element-populated\">\n\t\t\t\t\t\t<div class=\"elementor-element elementor-element-789d547 elementor-widget elementor-widget-heading\" data-id=\"789d547\" data-element_type=\"widget\" data-e-type=\"widget\" data-widget_type=\"heading.default\">\n\t\t\t\t<div class=\"elementor-widget-container\">\n\t\t\t\t\t<h2 class=\"elementor-heading-title elementor-size-default\">El Salvador<\/h2>\t\t\t\t<\/div>\n\t\t\t\t<\/div>\n\t\t\t\t<div class=\"elementor-element elementor-element-182cd2a elementor-widget elementor-widget-image\" data-id=\"182cd2a\" data-element_type=\"widget\" data-e-type=\"widget\" data-widget_type=\"image.default\">\n\t\t\t\t<div class=\"elementor-widget-container\">\n\t\t\t\t\t\t\t\t\t\t\t\t\t\t\t<img decoding=\"async\" width=\"566\" height=\"507\" src=\"https:\/\/estructurasrubicon.com\/wp-content\/uploads\/2020\/03\/Captura-de-Pantalla-2020-03-19-a-las-8.00.05-p.-m..png\" class=\"attachment-large size-large wp-image-843\" alt=\"\" srcset=\"https:\/\/estructurasrubicon.com\/wp-content\/uploads\/2020\/03\/Captura-de-Pantalla-2020-03-19-a-las-8.00.05-p.-m..png 566w, https:\/\/estructurasrubicon.com\/wp-content\/uploads\/2020\/03\/Captura-de-Pantalla-2020-03-19-a-las-8.00.05-p.-m.-300x269.png 300w\" sizes=\"(max-width: 566px) 100vw, 566px\" \/>\t\t\t\t\t\t\t\t\t\t\t\t\t\t\t<\/div>\n\t\t\t\t<\/div>\n\t\t\t\t<div class=\"elementor-element elementor-element-56571f0 elementor-widget elementor-widget-image\" data-id=\"56571f0\" data-element_type=\"widget\" data-e-type=\"widget\" data-widget_type=\"image.default\">\n\t\t\t\t<div class=\"elementor-widget-container\">\n\t\t\t\t\t\t\t\t\t\t\t\t\t\t\t<img loading=\"lazy\" decoding=\"async\" width=\"566\" height=\"496\" src=\"https:\/\/estructurasrubicon.com\/wp-content\/uploads\/2020\/03\/Captura-de-Pantalla-2020-03-19-a-las-8.00.31-p.-m..png\" class=\"attachment-large size-large wp-image-847\" alt=\"\" srcset=\"https:\/\/estructurasrubicon.com\/wp-content\/uploads\/2020\/03\/Captura-de-Pantalla-2020-03-19-a-las-8.00.31-p.-m..png 566w, https:\/\/estructurasrubicon.com\/wp-content\/uploads\/2020\/03\/Captura-de-Pantalla-2020-03-19-a-las-8.00.31-p.-m.-300x263.png 300w\" sizes=\"(max-width: 566px) 100vw, 566px\" \/>\t\t\t\t\t\t\t\t\t\t\t\t\t\t\t<\/div>\n\t\t\t\t<\/div>\n\t\t\t\t\t<\/div>\n\t\t<\/div>\n\t\t\t\t<div class=\"elementor-column elementor-col-33 elementor-top-column elementor-element elementor-element-f543d1e\" data-id=\"f543d1e\" data-element_type=\"column\" data-e-type=\"column\">\n\t\t\t<div class=\"elementor-widget-wrap elementor-element-populated\">\n\t\t\t\t\t\t<div class=\"elementor-element elementor-element-150f1d9 elementor-widget elementor-widget-heading\" data-id=\"150f1d9\" data-element_type=\"widget\" data-e-type=\"widget\" data-widget_type=\"heading.default\">\n\t\t\t\t<div class=\"elementor-widget-container\">\n\t\t\t\t\t<h2 class=\"elementor-heading-title elementor-size-default\">Nicaragua<\/h2>\t\t\t\t<\/div>\n\t\t\t\t<\/div>\n\t\t\t\t<div class=\"elementor-element elementor-element-bc70a34 elementor-widget elementor-widget-image\" data-id=\"bc70a34\" data-element_type=\"widget\" data-e-type=\"widget\" data-widget_type=\"image.default\">\n\t\t\t\t<div class=\"elementor-widget-container\">\n\t\t\t\t\t\t\t\t\t\t\t\t\t\t\t<img loading=\"lazy\" decoding=\"async\" width=\"576\" height=\"508\" src=\"https:\/\/estructurasrubicon.com\/wp-content\/uploads\/2020\/03\/Captura-de-Pantalla-2020-03-19-a-las-8.00.14-p.-m..png\" class=\"attachment-large size-large wp-image-842\" alt=\"\" srcset=\"https:\/\/estructurasrubicon.com\/wp-content\/uploads\/2020\/03\/Captura-de-Pantalla-2020-03-19-a-las-8.00.14-p.-m..png 576w, https:\/\/estructurasrubicon.com\/wp-content\/uploads\/2020\/03\/Captura-de-Pantalla-2020-03-19-a-las-8.00.14-p.-m.-300x265.png 300w\" sizes=\"(max-width: 576px) 100vw, 576px\" \/>\t\t\t\t\t\t\t\t\t\t\t\t\t\t\t<\/div>\n\t\t\t\t<\/div>\n\t\t\t\t<div class=\"elementor-element elementor-element-bb5d1cc elementor-widget elementor-widget-image\" data-id=\"bb5d1cc\" data-element_type=\"widget\" data-e-type=\"widget\" data-widget_type=\"image.default\">\n\t\t\t\t<div class=\"elementor-widget-container\">\n\t\t\t\t\t\t\t\t\t\t\t\t\t\t\t<img loading=\"lazy\" decoding=\"async\" width=\"574\" height=\"503\" src=\"https:\/\/estructurasrubicon.com\/wp-content\/uploads\/2020\/03\/Captura-de-Pantalla-2020-03-19-a-las-8.00.40-p.-m..png\" class=\"attachment-large size-large wp-image-846\" alt=\"\" srcset=\"https:\/\/estructurasrubicon.com\/wp-content\/uploads\/2020\/03\/Captura-de-Pantalla-2020-03-19-a-las-8.00.40-p.-m..png 574w, https:\/\/estructurasrubicon.com\/wp-content\/uploads\/2020\/03\/Captura-de-Pantalla-2020-03-19-a-las-8.00.40-p.-m.-300x263.png 300w\" sizes=\"(max-width: 574px) 100vw, 574px\" \/>\t\t\t\t\t\t\t\t\t\t\t\t\t\t\t<\/div>\n\t\t\t\t<\/div>\n\t\t\t\t\t<\/div>\n\t\t<\/div>\n\t\t\t\t\t<\/div>\n\t\t<\/section>\n\t\t\t\t<\/div>\n\t\t","protected":false},"excerpt":{"rendered":"<p>La Comunicaci\u00f3n se sirve del dise\u00f1o como herramienta fundamental. Hoy d\u00eda, la oferta\u00a0comunicativa es tan amplia que la recepci\u00f3n del mensaje puede quedar dificultado, por\u00a0ello en Estructuras Rubicon, nos preocupamos por dar a nuestros Clientes una buena e\u00a0impactante imagen a trav\u00e9s de nuestras Vallas y de este modo hacer que la informaci\u00f3n\u00a0que ellos desean difundir&hellip;&nbsp;<a href=\"https:\/\/estructurasrubicon.com\/index.php\/servicios\/\" rel=\"bookmark\">Leer m\u00e1s &raquo;<span class=\"screen-reader-text\">Servicios<\/span><\/a><\/p>\n","protected":false},"author":2,"featured_media":0,"parent":0,"menu_order":0,"comment_status":"closed","ping_status":"closed","template":"","meta":{"_monsterinsights_skip_tracking":false,"_monsterinsights_sitenote_active":false,"_monsterinsights_sitenote_note":"","_monsterinsights_sitenote_category":0,"neve_meta_sidebar":"","neve_meta_container":"","neve_meta_enable_content_width":"off","neve_meta_content_width":0,"neve_meta_title_alignment":"","neve_meta_author_avatar":"","neve_post_elements_order":"","neve_meta_disable_header":"","neve_meta_disable_footer":"","neve_meta_disable_title":"","_vp_format_video_url":"","_vp_image_focal_point":[],"footnotes":""},"class_list":["post-839","page","type-page","status-publish","hentry"],"_hostinger_reach_plugin_has_subscription_block":false,"_hostinger_reach_plugin_is_elementor":false,"_links":{"self":[{"href":"https:\/\/estructurasrubicon.com\/index.php\/wp-json\/wp\/v2\/pages\/839","targetHints":{"allow":["GET"]}}],"collection":[{"href":"https:\/\/estructurasrubicon.com\/index.php\/wp-json\/wp\/v2\/pages"}],"about":[{"href":"https:\/\/estructurasrubicon.com\/index.php\/wp-json\/wp\/v2\/types\/page"}],"author":[{"embeddable":true,"href":"https:\/\/estructurasrubicon.com\/index.php\/wp-json\/wp\/v2\/users\/2"}],"replies":[{"embeddable":true,"href":"https:\/\/estructurasrubicon.com\/index.php\/wp-json\/wp\/v2\/comments?post=839"}],"version-history":[{"count":0,"href":"https:\/\/estructurasrubicon.com\/index.php\/wp-json\/wp\/v2\/pages\/839\/revisions"}],"wp:attachment":[{"href":"https:\/\/estructurasrubicon.com\/index.php\/wp-json\/wp\/v2\/media?parent=839"}],"curies":[{"name":"wp","href":"https:\/\/api.w.org\/{rel}","templated":true}]}}