{"id":2,"date":"2019-01-29T18:34:25","date_gmt":"2019-01-29T18:34:25","guid":{"rendered":"https:\/\/lightskyblue-caribou-207283.hostingersite.com\/\/?page_id=2"},"modified":"2019-10-01T21:31:50","modified_gmt":"2019-10-01T21:31:50","slug":"vallas-unipolares","status":"publish","type":"page","link":"https:\/\/estructurasrubicon.com\/index.php\/vallas-unipolares\/","title":{"rendered":"Vallas Unipolares"},"content":{"rendered":"\t\t<div data-elementor-type=\"wp-page\" data-elementor-id=\"2\" class=\"elementor elementor-2\" data-elementor-post-type=\"page\">\n\t\t\t\t\t\t<section class=\"elementor-section elementor-top-section elementor-element elementor-element-ea52671 elementor-section-boxed elementor-section-height-default elementor-section-height-default\" data-id=\"ea52671\" data-element_type=\"section\" data-e-type=\"section\">\n\t\t\t\t\t\t<div class=\"elementor-container elementor-column-gap-default\">\n\t\t\t\t\t<div class=\"elementor-column elementor-col-100 elementor-top-column elementor-element elementor-element-0934676\" data-id=\"0934676\" data-element_type=\"column\" data-e-type=\"column\">\n\t\t\t<div class=\"elementor-widget-wrap elementor-element-populated\">\n\t\t\t\t\t\t<div class=\"elementor-element elementor-element-34cd0d9 elementor-widget__width-inherit elementor-widget elementor-widget-image\" data-id=\"34cd0d9\" data-element_type=\"widget\" data-e-type=\"widget\" data-widget_type=\"image.default\">\n\t\t\t\t<div class=\"elementor-widget-container\">\n\t\t\t\t\t\t\t\t\t\t\t\t\t\t\t<img decoding=\"async\" src=\"https:\/\/estructurasrubicon.com\/wp-content\/uploads\/2019\/09\/constr-vallas-unipol.png\" title=\"constr-vallas-unipol\" alt=\"constr-vallas-unipol\" loading=\"lazy\" \/>\t\t\t\t\t\t\t\t\t\t\t\t\t\t\t<\/div>\n\t\t\t\t<\/div>\n\t\t\t\t\t<\/div>\n\t\t<\/div>\n\t\t\t\t\t<\/div>\n\t\t<\/section>\n\t\t\t\t<section class=\"elementor-section elementor-top-section elementor-element elementor-element-2835a40 elementor-section-boxed elementor-section-height-default elementor-section-height-default\" data-id=\"2835a40\" data-element_type=\"section\" data-e-type=\"section\">\n\t\t\t\t\t\t<div class=\"elementor-container elementor-column-gap-default\">\n\t\t\t\t\t<div class=\"elementor-column elementor-col-100 elementor-top-column elementor-element elementor-element-03f67f9\" data-id=\"03f67f9\" data-element_type=\"column\" data-e-type=\"column\">\n\t\t\t<div class=\"elementor-widget-wrap elementor-element-populated\">\n\t\t\t\t\t\t<div class=\"elementor-element elementor-element-c409fa0 elementor-widget elementor-widget-heading\" data-id=\"c409fa0\" data-element_type=\"widget\" data-e-type=\"widget\" data-widget_type=\"heading.default\">\n\t\t\t\t<div class=\"elementor-widget-container\">\n\t\t\t\t\t<h1 class=\"elementor-heading-title elementor-size-default\">Nuestra Especialidad<\/h1>\t\t\t\t<\/div>\n\t\t\t\t<\/div>\n\t\t\t\t<div class=\"elementor-element elementor-element-aec6e7c elementor-widget elementor-widget-text-editor\" data-id=\"aec6e7c\" data-element_type=\"widget\" data-e-type=\"widget\" data-widget_type=\"text-editor.default\">\n\t\t\t\t<div class=\"elementor-widget-container\">\n\t\t\t\t\t\t\t\t\t<p>Las vallas unipolares han sido nuestra especialidad y fuerte por m\u00e1s de 20 a\u00f1os: el dise\u00f1o, fabricaci\u00f3n e instalaci\u00f3n de estructuras de acero de un solo tubo vertical. \u00a0Estas estructuras tienen un peso aproximado de 7 toneladas; soportan altas velocidades de viento y movimientos s\u00edsmicos durante muchos a\u00f1os. Tienen aproximadamente de 40\u2032 a 45\u2032 de altura para captar por largos minutos la atenci\u00f3n de los clientes con menos contaminaci\u00f3n visual.<\/p>\t\t\t\t\t\t\t\t<\/div>\n\t\t\t\t<\/div>\n\t\t\t\t\t<\/div>\n\t\t<\/div>\n\t\t\t\t\t<\/div>\n\t\t<\/section>\n\t\t\t\t<\/div>\n\t\t","protected":false},"excerpt":{"rendered":"<p>Nuestra Especialidad Las vallas unipolares han sido nuestra especialidad y fuerte por m\u00e1s de 20 a\u00f1os: el dise\u00f1o, fabricaci\u00f3n e instalaci\u00f3n de estructuras de acero de un solo tubo vertical. \u00a0Estas estructuras tienen un peso aproximado de 7 toneladas; soportan altas velocidades de viento y movimientos s\u00edsmicos durante muchos a\u00f1os. Tienen aproximadamente de 40\u2032 a&hellip;&nbsp;<a href=\"https:\/\/estructurasrubicon.com\/index.php\/vallas-unipolares\/\" rel=\"bookmark\">Leer m\u00e1s &raquo;<span class=\"screen-reader-text\">Vallas Unipolares<\/span><\/a><\/p>\n","protected":false},"author":2,"featured_media":0,"parent":0,"menu_order":0,"comment_status":"closed","ping_status":"closed","template":"","meta":{"_monsterinsights_skip_tracking":false,"_monsterinsights_sitenote_active":false,"_monsterinsights_sitenote_note":"","_monsterinsights_sitenote_category":0,"neve_meta_sidebar":"","neve_meta_container":"","neve_meta_enable_content_width":"","neve_meta_content_width":70,"neve_meta_title_alignment":"","neve_meta_author_avatar":"","neve_post_elements_order":"","neve_meta_disable_header":"","neve_meta_disable_footer":"","neve_meta_disable_title":"","_vp_format_video_url":"","_vp_image_focal_point":[],"footnotes":""},"class_list":["post-2","page","type-page","status-publish","hentry"],"_hostinger_reach_plugin_has_subscription_block":false,"_hostinger_reach_plugin_is_elementor":false,"_links":{"self":[{"href":"https:\/\/estructurasrubicon.com\/index.php\/wp-json\/wp\/v2\/pages\/2","targetHints":{"allow":["GET"]}}],"collection":[{"href":"https:\/\/estructurasrubicon.com\/index.php\/wp-json\/wp\/v2\/pages"}],"about":[{"href":"https:\/\/estructurasrubicon.com\/index.php\/wp-json\/wp\/v2\/types\/page"}],"author":[{"embeddable":true,"href":"https:\/\/estructurasrubicon.com\/index.php\/wp-json\/wp\/v2\/users\/2"}],"replies":[{"embeddable":true,"href":"https:\/\/estructurasrubicon.com\/index.php\/wp-json\/wp\/v2\/comments?post=2"}],"version-history":[{"count":0,"href":"https:\/\/estructurasrubicon.com\/index.php\/wp-json\/wp\/v2\/pages\/2\/revisions"}],"wp:attachment":[{"href":"https:\/\/estructurasrubicon.com\/index.php\/wp-json\/wp\/v2\/media?parent=2"}],"curies":[{"name":"wp","href":"https:\/\/api.w.org\/{rel}","templated":true}]}}